{"id":3339,"date":"2024-12-30T18:08:27","date_gmt":"2024-12-30T18:08:27","guid":{"rendered":"https:\/\/luxmetal-industrie.com\/filterworld\/?page_id=3339"},"modified":"2024-12-31T18:48:49","modified_gmt":"2024-12-31T18:48:49","slug":"presentation","status":"publish","type":"page","link":"https:\/\/luxmetal-industrie.com\/filterworld\/presentation\/","title":{"rendered":"Pr\u00e9sentation"},"content":{"rendered":"\t\t<div data-elementor-type=\"wp-page\" data-elementor-id=\"3339\" class=\"elementor elementor-3339\">\n\t\t\t\t\t\t<section class=\"elementor-section elementor-top-section elementor-element elementor-element-82d5a64 elementor-section-boxed elementor-section-height-default elementor-section-height-default\" data-id=\"82d5a64\" data-element_type=\"section\">\n\t\t\t\t\t\t<div class=\"elementor-container elementor-column-gap-default\">\n\t\t\t\t\t<div class=\"elementor-column elementor-col-50 elementor-top-column elementor-element elementor-element-31b429a\" data-id=\"31b429a\" data-element_type=\"column\">\n\t\t\t<div class=\"elementor-widget-wrap elementor-element-populated\">\n\t\t\t\t\t\t<div class=\"elementor-element elementor-element-af7e463 elementor-widget elementor-widget-section-head\" data-id=\"af7e463\" data-element_type=\"widget\" data-widget_type=\"section-head.default\">\n\t\t\t\t<div class=\"elementor-widget-container\">\n\t\t\t\t\t\t\t<div class=\"section-title \">\r\n\t\t\t            <span class=\"line wow \">QUI SOMMES NOUS<\/span>\r\n                        <h2>\r\n            \t            \t<span class=\"tl1\" >FILTER WORLD<\/span>\r\n            \t            <\/h2>\r\n                  <\/div>\r\n\t\t\t\t\t<\/div>\n\t\t\t\t<\/div>\n\t\t\t\t<div class=\"elementor-element elementor-element-3f1d2d4 elementor-widget elementor-widget-heading\" data-id=\"3f1d2d4\" data-element_type=\"widget\" data-widget_type=\"heading.default\">\n\t\t\t\t<div class=\"elementor-widget-container\">\n\t\t\t\t\t<p class=\"elementor-heading-title elementor-size-default\">Filter World EURL est une entreprise sp\u00e9cialis\u00e9e dans la fourniture de solutions avanc\u00e9es de filtration pour r\u00e9pondre aux besoins sp\u00e9cifiques des industries modernes. Forte de son expertise et de son engagement envers la qualit\u00e9, Filter World EURL s\u2019impose comme un partenaire de choix pour optimiser les processus industriels gr\u00e2ce \u00e0 des technologies de filtration performantes.<\/p>\t\t\t\t<\/div>\n\t\t\t\t<\/div>\n\t\t\t\t<div class=\"elementor-element elementor-element-31a2b54 elementor-widget elementor-widget-heading\" data-id=\"31a2b54\" data-element_type=\"widget\" data-widget_type=\"heading.default\">\n\t\t\t\t<div class=\"elementor-widget-container\">\n\t\t\t\t\t<p class=\"elementor-heading-title elementor-size-default\"><h4>Notre Mission<\/h4>\nOffrir des solutions de filtration innovantes, fiables et adapt\u00e9es, permettant aux entreprises de maintenir des environnements propres, conformes aux normes et efficaces.<\/p>\t\t\t\t<\/div>\n\t\t\t\t<\/div>\n\t\t\t\t<div class=\"elementor-element elementor-element-fccb079 elementor-widget elementor-widget-heading\" data-id=\"fccb079\" data-element_type=\"widget\" data-widget_type=\"heading.default\">\n\t\t\t\t<div class=\"elementor-widget-container\">\n\t\t\t\t\t<p class=\"elementor-heading-title elementor-size-default\">\n<h4>Nos Produits et Services<\/h4>\n<ul>\n  <li><strong>Filtres Laminaires :<\/strong> Garantissent un flux d\u2019air propre et constant pour les environnements sensibles comme les laboratoires et les salles blanches.<\/li>\n  <li><strong>Filtres \u00e0 Poche :<\/strong> Parfaits pour capturer les particules fines dans divers secteurs industriels.<\/li>\n  <li><strong>Filtres pour l\u2019Industrie Pharmaceutique :<\/strong> Conformes aux exigences les plus strictes pour garantir la puret\u00e9 et la st\u00e9rilit\u00e9 des processus.<\/li>\n  <li><strong>Autres Solutions de Filtration :<\/strong> Une gamme diversifi\u00e9e r\u00e9pondant aux besoins sp\u00e9cifiques de chaque industrie.<\/li>\n<\/ul><\/p>\t\t\t\t<\/div>\n\t\t\t\t<\/div>\n\t\t\t\t\t<\/div>\n\t\t<\/div>\n\t\t\t\t<div class=\"elementor-column elementor-col-50 elementor-top-column elementor-element elementor-element-ab44466\" data-id=\"ab44466\" data-element_type=\"column\">\n\t\t\t<div class=\"elementor-widget-wrap elementor-element-populated\">\n\t\t\t\t\t\t<div class=\"elementor-element elementor-element-ae741ce elementor-widget__width-initial elementor-widget elementor-widget-animated_image\" data-id=\"ae741ce\" data-element_type=\"widget\" data-widget_type=\"animated_image.default\">\n\t\t\t\t<div class=\"elementor-widget-container\">\n\t\t\t\t\t   \t<div class=\"anim-image wow fadeInRight anim-image\" data-wow-delay=\"0.2s\">\n   \t\t        \t<img fetchpriority=\"high\" decoding=\"async\" width=\"807\" height=\"1024\" src=\"https:\/\/luxmetal-industrie.com\/filterworld\/wp-content\/uploads\/2024\/12\/DeWatermark.ai_1735582655172-e1735582709943-807x1024.png\" class=\"attachment-large size-large wp-image-3351\" alt=\"\" srcset=\"https:\/\/luxmetal-industrie.com\/filterworld\/wp-content\/uploads\/2024\/12\/DeWatermark.ai_1735582655172-e1735582709943-807x1024.png 807w, https:\/\/luxmetal-industrie.com\/filterworld\/wp-content\/uploads\/2024\/12\/DeWatermark.ai_1735582655172-e1735582709943-300x381.png 300w, https:\/\/luxmetal-industrie.com\/filterworld\/wp-content\/uploads\/2024\/12\/DeWatermark.ai_1735582655172-e1735582709943-600x762.png 600w, https:\/\/luxmetal-industrie.com\/filterworld\/wp-content\/uploads\/2024\/12\/DeWatermark.ai_1735582655172-e1735582709943-236x300.png 236w, https:\/\/luxmetal-industrie.com\/filterworld\/wp-content\/uploads\/2024\/12\/DeWatermark.ai_1735582655172-e1735582709943-768x975.png 768w, https:\/\/luxmetal-industrie.com\/filterworld\/wp-content\/uploads\/2024\/12\/DeWatermark.ai_1735582655172-e1735582709943-63x80.png 63w, https:\/\/luxmetal-industrie.com\/filterworld\/wp-content\/uploads\/2024\/12\/DeWatermark.ai_1735582655172-e1735582709943.png 943w\" sizes=\"(max-width: 807px) 100vw, 807px\" \/>      \t     <\/div>\n\t\t\t\t\t<\/div>\n\t\t\t\t<\/div>\n\t\t\t\t<div class=\"elementor-element elementor-element-67b9b70 elementor-widget__width-initial e-transform elementor-widget elementor-widget-animated_image\" data-id=\"67b9b70\" data-element_type=\"widget\" data-settings=\"{&quot;_transform_translateX_effect&quot;:{&quot;unit&quot;:&quot;px&quot;,&quot;size&quot;:0,&quot;sizes&quot;:[]},&quot;_transform_translateY_effect&quot;:{&quot;unit&quot;:&quot;px&quot;,&quot;size&quot;:110,&quot;sizes&quot;:[]},&quot;_transform_translateX_effect_tablet&quot;:{&quot;unit&quot;:&quot;px&quot;,&quot;size&quot;:&quot;&quot;,&quot;sizes&quot;:[]},&quot;_transform_translateX_effect_mobile&quot;:{&quot;unit&quot;:&quot;px&quot;,&quot;size&quot;:&quot;&quot;,&quot;sizes&quot;:[]},&quot;_transform_translateY_effect_tablet&quot;:{&quot;unit&quot;:&quot;px&quot;,&quot;size&quot;:&quot;&quot;,&quot;sizes&quot;:[]},&quot;_transform_translateY_effect_mobile&quot;:{&quot;unit&quot;:&quot;px&quot;,&quot;size&quot;:&quot;&quot;,&quot;sizes&quot;:[]}}\" data-widget_type=\"animated_image.default\">\n\t\t\t\t<div class=\"elementor-widget-container\">\n\t\t\t\t\t   \t<div class=\"anim-image wow fadeInUp anim-image\" data-wow-delay=\"0.2s\">\n   \t\t        \t<img decoding=\"async\" width=\"1280\" height=\"750\" src=\"https:\/\/luxmetal-industrie.com\/filterworld\/wp-content\/uploads\/2024\/12\/DeWatermark.ai_1735582790873-e1735582846592.png\" class=\"attachment-full size-full wp-image-3353\" alt=\"\" srcset=\"https:\/\/luxmetal-industrie.com\/filterworld\/wp-content\/uploads\/2024\/12\/DeWatermark.ai_1735582790873-e1735582846592.png 1280w, https:\/\/luxmetal-industrie.com\/filterworld\/wp-content\/uploads\/2024\/12\/DeWatermark.ai_1735582790873-e1735582846592-300x176.png 300w, https:\/\/luxmetal-industrie.com\/filterworld\/wp-content\/uploads\/2024\/12\/DeWatermark.ai_1735582790873-e1735582846592-600x352.png 600w, https:\/\/luxmetal-industrie.com\/filterworld\/wp-content\/uploads\/2024\/12\/DeWatermark.ai_1735582790873-e1735582846592-1024x600.png 1024w, https:\/\/luxmetal-industrie.com\/filterworld\/wp-content\/uploads\/2024\/12\/DeWatermark.ai_1735582790873-e1735582846592-768x450.png 768w, https:\/\/luxmetal-industrie.com\/filterworld\/wp-content\/uploads\/2024\/12\/DeWatermark.ai_1735582790873-e1735582846592-80x47.png 80w\" sizes=\"(max-width: 1280px) 100vw, 1280px\" \/>      \t     <\/div>\n\t\t\t\t\t<\/div>\n\t\t\t\t<\/div>\n\t\t\t\t\t<\/div>\n\t\t<\/div>\n\t\t\t\t\t<\/div>\n\t\t<\/section>\n\t\t\t\t<section class=\"elementor-section elementor-top-section elementor-element elementor-element-97ff62a elementor-section-boxed elementor-section-height-default elementor-section-height-default\" data-id=\"97ff62a\" data-element_type=\"section\" data-settings=\"{&quot;background_background&quot;:&quot;classic&quot;}\">\n\t\t\t\t\t\t\t<div class=\"elementor-background-overlay\"><\/div>\n\t\t\t\t\t\t\t<div class=\"elementor-container elementor-column-gap-default\">\n\t\t\t\t\t<div class=\"elementor-column elementor-col-100 elementor-top-column elementor-element elementor-element-c35de20\" data-id=\"c35de20\" data-element_type=\"column\">\n\t\t\t<div class=\"elementor-widget-wrap elementor-element-populated\">\n\t\t\t\t\t\t<div class=\"elementor-element elementor-element-e03e9d0 elementor-widget elementor-widget-section-head\" data-id=\"e03e9d0\" data-element_type=\"widget\" data-widget_type=\"section-head.default\">\n\t\t\t\t<div class=\"elementor-widget-container\">\n\t\t\t\t\t\t\t<div class=\"section-title s-section-title\">\r\n\t\t\t            <span class=\"line wow \">FILTER WORLD<\/span>\r\n                        <h2>\r\n            \t            \t<span class=\"tl1\" >Pourquoi Nous Choisir ?<\/span>\r\n            \t            <\/h2>\r\n                        <h2 class=\"bg-title\">FILTER WORLD<\/h2>\r\n        \t      <\/div>\r\n\t\t\t\t\t<\/div>\n\t\t\t\t<\/div>\n\t\t\t\t<section class=\"elementor-section elementor-inner-section elementor-element elementor-element-0f1d3d7 elementor-section-boxed elementor-section-height-default elementor-section-height-default\" data-id=\"0f1d3d7\" data-element_type=\"section\">\n\t\t\t\t\t\t<div class=\"elementor-container elementor-column-gap-default\">\n\t\t\t\t\t<div class=\"elementor-column elementor-col-33 elementor-inner-column elementor-element elementor-element-0ff4336\" data-id=\"0ff4336\" data-element_type=\"column\">\n\t\t\t<div class=\"elementor-widget-wrap elementor-element-populated\">\n\t\t\t\t\t\t<div class=\"elementor-element elementor-element-0dc1a81 elementor-widget elementor-widget-text-editor\" data-id=\"0dc1a81\" data-element_type=\"widget\" data-widget_type=\"text-editor.default\">\n\t\t\t\t<div class=\"elementor-widget-container\">\n\t\t\t\t\t\t\t\t\t&nbsp;\n<h4><span style=\"color: #ffffff;\">Expertise <br>Reconnaissable<\/span><\/h4>\nAvec une exp\u00e9rience solide dans le domaine de la filtration, nous offrons des solutions fiables et adapt\u00e9es aux besoins sp\u00e9cifiques de chaque client. Notre expertise couvre divers secteurs, notamment l\u2019industrie pharmaceutique, chimique, et alimentaire.\t\t\t\t\t\t\t\t<\/div>\n\t\t\t\t<\/div>\n\t\t\t\t\t<\/div>\n\t\t<\/div>\n\t\t\t\t<div class=\"elementor-column elementor-col-33 elementor-inner-column elementor-element elementor-element-6d3132d\" data-id=\"6d3132d\" data-element_type=\"column\">\n\t\t\t<div class=\"elementor-widget-wrap elementor-element-populated\">\n\t\t\t\t\t\t<div class=\"elementor-element elementor-element-008f114 elementor-widget elementor-widget-text-editor\" data-id=\"008f114\" data-element_type=\"widget\" data-widget_type=\"text-editor.default\">\n\t\t\t\t<div class=\"elementor-widget-container\">\n\t\t\t\t\t\t\t\t\t&nbsp;\n<h4><span style=\"color: #ffffff;\">Produits de Qualit\u00e9 Sup\u00e9rieure<\/span><\/h4>\nNous proposons des filtres innovants fabriqu\u00e9s avec des mat\u00e9riaux de haute qualit\u00e9, garantissant des performances optimales et une durabilit\u00e9 exceptionnelle.\t\t\t\t\t\t\t\t<\/div>\n\t\t\t\t<\/div>\n\t\t\t\t\t<\/div>\n\t\t<\/div>\n\t\t\t\t<div class=\"elementor-column elementor-col-33 elementor-inner-column elementor-element elementor-element-5560e4b\" data-id=\"5560e4b\" data-element_type=\"column\">\n\t\t\t<div class=\"elementor-widget-wrap elementor-element-populated\">\n\t\t\t\t\t\t<div class=\"elementor-element elementor-element-c2b3ca1 elementor-widget elementor-widget-text-editor\" data-id=\"c2b3ca1\" data-element_type=\"widget\" data-widget_type=\"text-editor.default\">\n\t\t\t\t<div class=\"elementor-widget-container\">\n\t\t\t\t\t\t\t\t\t&nbsp;\n<h4><span style=\"color: #ffffff;\">Solutions<br> Personnalis\u00e9es<\/span><\/h4>\nChaque industrie a des exigences uniques. Chez Filter World EURL, nous concevons des solutions sur mesure pour r\u00e9pondre aux besoins sp\u00e9cifiques de nos partenaires.\t\t\t\t\t\t\t\t<\/div>\n\t\t\t\t<\/div>\n\t\t\t\t\t<\/div>\n\t\t<\/div>\n\t\t\t\t\t<\/div>\n\t\t<\/section>\n\t\t\t\t<section class=\"elementor-section elementor-inner-section elementor-element elementor-element-66ab2f9 elementor-section-boxed elementor-section-height-default elementor-section-height-default\" data-id=\"66ab2f9\" data-element_type=\"section\">\n\t\t\t\t\t\t<div class=\"elementor-container elementor-column-gap-default\">\n\t\t\t\t\t<div class=\"elementor-column elementor-col-33 elementor-inner-column elementor-element elementor-element-39ddcbb\" data-id=\"39ddcbb\" data-element_type=\"column\">\n\t\t\t<div class=\"elementor-widget-wrap elementor-element-populated\">\n\t\t\t\t\t\t<div class=\"elementor-element elementor-element-4e17718 elementor-widget elementor-widget-text-editor\" data-id=\"4e17718\" data-element_type=\"widget\" data-widget_type=\"text-editor.default\">\n\t\t\t\t<div class=\"elementor-widget-container\">\n\t\t\t\t\t\t\t\t\t&nbsp;\n<h4><span style=\"color: #ffffff;\">Engagement envers l\u2019Environnement<\/span><\/h4>\n\nNos produits sont con\u00e7us pour \u00eatre efficaces tout en respectant les normes environnementales, contribuant \u00e0 un avenir plus durable.\t\t\t\t\t\t\t\t<\/div>\n\t\t\t\t<\/div>\n\t\t\t\t\t<\/div>\n\t\t<\/div>\n\t\t\t\t<div class=\"elementor-column elementor-col-33 elementor-inner-column elementor-element elementor-element-abd8746\" data-id=\"abd8746\" data-element_type=\"column\">\n\t\t\t<div class=\"elementor-widget-wrap elementor-element-populated\">\n\t\t\t\t\t\t<div class=\"elementor-element elementor-element-c7a8017 elementor-widget elementor-widget-text-editor\" data-id=\"c7a8017\" data-element_type=\"widget\" data-widget_type=\"text-editor.default\">\n\t\t\t\t<div class=\"elementor-widget-container\">\n\t\t\t\t\t\t\t\t\t&nbsp;\n<h4><span style=\"color: #ffffff;\">Service<br>Client D\u00e9vou\u00e9<\/span><\/h4>\nNous mettons un point d\u2019honneur \u00e0 accompagner nos clients \u00e0 chaque \u00e9tape, de la s\u00e9lection des produits \u00e0 l\u2019installation et au suivi apr\u00e8s-vente, pour garantir leur satisfaction totale.\t\t\t\t\t\t\t\t<\/div>\n\t\t\t\t<\/div>\n\t\t\t\t\t<\/div>\n\t\t<\/div>\n\t\t\t\t<div class=\"elementor-column elementor-col-33 elementor-inner-column elementor-element elementor-element-e3965b9\" data-id=\"e3965b9\" data-element_type=\"column\">\n\t\t\t<div class=\"elementor-widget-wrap elementor-element-populated\">\n\t\t\t\t\t\t<div class=\"elementor-element elementor-element-b6ab52c elementor-widget elementor-widget-text-editor\" data-id=\"b6ab52c\" data-element_type=\"widget\" data-widget_type=\"text-editor.default\">\n\t\t\t\t<div class=\"elementor-widget-container\">\n\t\t\t\t\t\t\t\t\t&nbsp;\n<h4><span style=\"color: #ffffff;\">Respect des Normes Internationales<\/span><\/h4>\nRespect des Normes Internationales\nNos filtres sont conformes aux normes les plus strictes, offrant une qualit\u00e9 irr\u00e9prochable pour les environnements critiques.\t\t\t\t\t\t\t\t<\/div>\n\t\t\t\t<\/div>\n\t\t\t\t\t<\/div>\n\t\t<\/div>\n\t\t\t\t\t<\/div>\n\t\t<\/section>\n\t\t\t\t\t<\/div>\n\t\t<\/div>\n\t\t\t\t\t<\/div>\n\t\t<\/section>\n\t\t\t\t<\/div>\n\t\t","protected":false},"excerpt":{"rendered":"<p>QUI SOMMES NOUS FILTER WORLD Filter World EURL est une entreprise sp\u00e9cialis\u00e9e dans la fourniture de solutions avanc\u00e9es de filtration pour r\u00e9pondre aux besoins sp\u00e9cifiques des industries modernes. Forte de son expertise et de son engagement envers la qualit\u00e9, Filter World EURL s\u2019impose comme un partenaire de choix pour optimiser les processus industriels gr\u00e2ce \u00e0 [&hellip;]<\/p>\n","protected":false},"author":1,"featured_media":0,"parent":0,"menu_order":0,"comment_status":"closed","ping_status":"closed","template":"page-template\/blank-page-sidebar.php","meta":{"_siteseo_robots_primary_cat":"","_monsterinsights_skip_tracking":false,"_monsterinsights_sitenote_active":false,"_monsterinsights_sitenote_note":"","_monsterinsights_sitenote_category":0,"footnotes":""},"class_list":["post-3339","page","type-page","status-publish","hentry"],"aioseo_notices":[],"_links":{"self":[{"href":"https:\/\/luxmetal-industrie.com\/filterworld\/wp-json\/wp\/v2\/pages\/3339","targetHints":{"allow":["GET"]}}],"collection":[{"href":"https:\/\/luxmetal-industrie.com\/filterworld\/wp-json\/wp\/v2\/pages"}],"about":[{"href":"https:\/\/luxmetal-industrie.com\/filterworld\/wp-json\/wp\/v2\/types\/page"}],"author":[{"embeddable":true,"href":"https:\/\/luxmetal-industrie.com\/filterworld\/wp-json\/wp\/v2\/users\/1"}],"replies":[{"embeddable":true,"href":"https:\/\/luxmetal-industrie.com\/filterworld\/wp-json\/wp\/v2\/comments?post=3339"}],"version-history":[{"count":31,"href":"https:\/\/luxmetal-industrie.com\/filterworld\/wp-json\/wp\/v2\/pages\/3339\/revisions"}],"predecessor-version":[{"id":3376,"href":"https:\/\/luxmetal-industrie.com\/filterworld\/wp-json\/wp\/v2\/pages\/3339\/revisions\/3376"}],"wp:attachment":[{"href":"https:\/\/luxmetal-industrie.com\/filterworld\/wp-json\/wp\/v2\/media?parent=3339"}],"curies":[{"name":"wp","href":"https:\/\/api.w.org\/{rel}","templated":true}]}}